{"id":13,"date":"2016-07-05T16:57:46","date_gmt":"2016-07-05T15:57:46","guid":{"rendered":"http:\/\/ikmkravmagaevere.be\/?page_id=13"},"modified":"2025-08-01T13:26:01","modified_gmt":"2025-08-01T12:26:01","slug":"linstructeur","status":"publish","type":"page","link":"https:\/\/ikmkravmagaevere.be\/?page_id=13","title":{"rendered":"Les instructeurs IKM"},"content":{"rendered":"<p><img loading=\"lazy\" class=\"alignnone size-medium wp-image-698\" src=\"http:\/\/ikmkravmagaevere.be\/wp-content\/uploads\/2022\/08\/Capture-decran-2022-08-17-a-14.47.20-167x300.png\" alt=\"\" width=\"167\" height=\"300\" srcset=\"https:\/\/ikmkravmagaevere.be\/wp-content\/uploads\/2022\/08\/Capture-decran-2022-08-17-a-14.47.20-167x300.png 167w, https:\/\/ikmkravmagaevere.be\/wp-content\/uploads\/2022\/08\/Capture-decran-2022-08-17-a-14.47.20-111x200.png 111w, https:\/\/ikmkravmagaevere.be\/wp-content\/uploads\/2022\/08\/Capture-decran-2022-08-17-a-14.47.20.png 171w\" sizes=\"(max-width: 167px) 100vw, 167px\" \/><\/p>\n<blockquote><p><strong>Val\u00e9rie Tamagni: <\/strong>Expert 2 en Krav Maga civil adultes &amp; enfants<\/p>\n<p><span style=\"font-size: revert; color: initial;\">Mon objectif: Donner cours aux enfants est un choix. Je suis moi-m\u00eame maman et belle-maman de jeunes filles de 13 et 15 ans, et je me dois de donner \u00e0 mes filles tout le bagage n\u00e9cessaire face \u00e0 certaines personnes violentes. Quoiqu&rsquo;il arrive dans la vie, on doit pouvoir r\u00e9agir face \u00e0 une agression ou \u00e0 menace.Je suis fi\u00e8re de pouvoir apprendre \u00e0 mes \u00e9l\u00e8ves \u00e0 avoir les bons r\u00e9flexes, de pouvoir leur apprendre \u00e0 \u00eatre plus fort, \u00e0 avoir confiance en eux, \u00e0 savoir reconnaitre une situation dangereuse, \u00e0 se faire respecter \u00e0 l&rsquo;\u00e9cole, que cela soit pas la parole, le geste, la fuite&#8230;Sachez une chose: quand on ne sait pas quoi faire lors d&rsquo;une agression, on ne fait rien et on subit &#8230;par contre, si vous savez&#8230;.!<\/span><\/p><\/blockquote>\n<blockquote><p>La f\u00e9d\u00e9ration IKM est une grande famille mondiale. Yves, Julie et Val\u00e9rie s&rsquo;entrainent avec tous les instructeurs de la f\u00e9d\u00e9ration sous la supervision de leur master Harry Mariette. Tous ensemble, ils testent les techniques et \u00e9voluent dans leur Krav Maga en passant les grades.<\/p><\/blockquote>\n<blockquote><p>Notre Master, Gabi Noah, vient en Belgique 3x par an pour donner 3 stages \u00e0 l&rsquo;ensemble des instructeurs et des \u00e9l\u00e8ves.<\/p><\/blockquote>\n<blockquote><p><a href=\"http:\/\/www.ikmkravmaga.be\">D\u00e9couvrez notre f\u00e9d\u00e9ration : www.ikmkravmaga.be<\/a><\/p><\/blockquote>\n","protected":false},"excerpt":{"rendered":"<p>Val\u00e9rie Tamagni: Expert 2 en Krav Maga civil adultes &amp; enfants Mon objectif: Donner cours aux enfants est un choix. Je suis moi-m\u00eame maman et belle-maman de&hellip; <span class=\"read-more\"><a class=\"more-link\" href=\"https:\/\/ikmkravmagaevere.be\/?page_id=13\" rel=\"bookmark\">Lire la suite de <span class=\"screen-reader-text\">\u00ab\u00a0Les instructeurs IKM\u00a0\u00bb<\/span><\/a><\/span><\/p>\n","protected":false},"author":1,"featured_media":0,"parent":0,"menu_order":0,"comment_status":"closed","ping_status":"closed","template":"page-templates\/template-grid.php","meta":[],"_links":{"self":[{"href":"https:\/\/ikmkravmagaevere.be\/index.php?rest_route=\/wp\/v2\/pages\/13"}],"collection":[{"href":"https:\/\/ikmkravmagaevere.be\/index.php?rest_route=\/wp\/v2\/pages"}],"about":[{"href":"https:\/\/ikmkravmagaevere.be\/index.php?rest_route=\/wp\/v2\/types\/page"}],"author":[{"embeddable":true,"href":"https:\/\/ikmkravmagaevere.be\/index.php?rest_route=\/wp\/v2\/users\/1"}],"replies":[{"embeddable":true,"href":"https:\/\/ikmkravmagaevere.be\/index.php?rest_route=%2Fwp%2Fv2%2Fcomments&post=13"}],"version-history":[{"count":25,"href":"https:\/\/ikmkravmagaevere.be\/index.php?rest_route=\/wp\/v2\/pages\/13\/revisions"}],"predecessor-version":[{"id":850,"href":"https:\/\/ikmkravmagaevere.be\/index.php?rest_route=\/wp\/v2\/pages\/13\/revisions\/850"}],"wp:attachment":[{"href":"https:\/\/ikmkravmagaevere.be\/index.php?rest_route=%2Fwp%2Fv2%2Fmedia&parent=13"}],"curies":[{"name":"wp","href":"https:\/\/api.w.org\/{rel}","templated":true}]}}