{"id":133,"date":"2016-07-15T22:20:25","date_gmt":"2016-07-15T21:20:25","guid":{"rendered":"http:\/\/ikmkravmagaevere.be\/?page_id=133"},"modified":"2025-08-01T11:44:12","modified_gmt":"2025-08-01T10:44:12","slug":"grades-ikm","status":"publish","type":"page","link":"https:\/\/ikmkravmagaevere.be\/?page_id=133","title":{"rendered":"Grades IKM"},"content":{"rendered":"<p>En 1964, lorsque Imi quitte l\u2019arm\u00e9e, il commence \u00e0 enseigner le Krav Maga aux civils en tenue militaire.<br \/>\nPlus tard, il adopte le kimono de Judo et le syst\u00e8me de grades des ceintures. Pendant de nombreuses ann\u00e9es, le Krav Maga va de la ceinture blanche \u00e0 la ceinture noire.<\/p>\n<p>En 1987, un nouveau syst\u00e8me de grades remplace les ceintures. Les grades vont alors de Pratiquant 1 \u00e0 Expert 5. Le kimono est abandonn\u00e9 et l\u2019entra\u00eenement de Krav Maga s\u2019effectue alors en t-shirt, en pantalon ample et en chaussures de sport (les entra\u00eenements en ext\u00e9rieur s\u2019effectuent en tenue de ville). C\u2019est \u00e0 ce moment l\u00e0, que plusieurs instructeurs, dont Imi, cessent de porter des ceintures.<\/p>\n<p>Au milieu des ann\u00e9es 90, avec la propagation du syst\u00e8me dans le monde entier, le cahier technique \u00e9volue, augmente et les \u00e9cussons et les symboles de grades sont introduits. Le nouveau syst\u00e8me de grades correspond beaucoup plus \u00e0 la logique du Krav Maga et \u00e0 son origine: l\u2019enseignement au sein de l\u2019arm\u00e9e isra\u00e9lienne.<\/p>\n<p>Les grades se divisent en plusieurs cat\u00e9gories<\/p>\n<h4>Young: (P1 \u00e0 P10)<\/h4>\n<h4>Pratiquant: (P1 \u00e0 P5)<\/h4>\n<h4>Grad\u00e9: (G1 \u00e0 G5)<\/h4>\n<h4>Expert: (E1 \u00e0 E5)<\/h4>\n<h4>Master: (M1 \u00e0 M5)<\/h4>\n<p>Chacune d\u2019entre-elles contient des niveaux avec un programme et des connaissances sp\u00e9cifiques pour chaque grade. Pour passer \u00e0 un grade sup\u00e9rieur, l\u2019\u00e9l\u00e8ve doit repasser tous les grades inf\u00e9rieurs \u00e0 celui ci. Par exemple, quelqu\u2019un qui doit passer Pratiquant 3\u00e8me degr\u00e9 doit passer l\u2019examen avec les Pratiquants 1er degr\u00e9, 2\u00e8me degr\u00e9 \u2026 et enfin la mati\u00e8re du 3\u00e8me degr\u00e9. Cette m\u00e9thodologie a pour effet de consolider la connaissance des techniques de base.<\/p>\n<p><strong>Conditions pour pr\u00e9senter un grade<\/strong><\/p>\n<p>Pour pr\u00e9senter un grade, deux \u00e9l\u00e9ments essentiels doivent \u00eatre r\u00e9unis. Il faut s\u2019\u00eatre entra\u00een\u00e9 et conna\u00eetre les techniques.<\/p>\n<p>Il faut \u00e9galement l&rsquo;accord de son instructeur pour pr\u00e9senter un grade.<\/p>\n","protected":false},"excerpt":{"rendered":"<p>En 1964, lorsque Imi quitte l\u2019arm\u00e9e, il commence \u00e0 enseigner le Krav Maga aux civils en tenue militaire. Plus tard, il adopte le kimono de Judo et&hellip; <span class=\"read-more\"><a class=\"more-link\" href=\"https:\/\/ikmkravmagaevere.be\/?page_id=133\" rel=\"bookmark\">Lire la suite de <span class=\"screen-reader-text\">\u00ab\u00a0Grades IKM\u00a0\u00bb<\/span><\/a><\/span><\/p>\n","protected":false},"author":1,"featured_media":0,"parent":0,"menu_order":0,"comment_status":"closed","ping_status":"closed","template":"","meta":[],"_links":{"self":[{"href":"https:\/\/ikmkravmagaevere.be\/index.php?rest_route=\/wp\/v2\/pages\/133"}],"collection":[{"href":"https:\/\/ikmkravmagaevere.be\/index.php?rest_route=\/wp\/v2\/pages"}],"about":[{"href":"https:\/\/ikmkravmagaevere.be\/index.php?rest_route=\/wp\/v2\/types\/page"}],"author":[{"embeddable":true,"href":"https:\/\/ikmkravmagaevere.be\/index.php?rest_route=\/wp\/v2\/users\/1"}],"replies":[{"embeddable":true,"href":"https:\/\/ikmkravmagaevere.be\/index.php?rest_route=%2Fwp%2Fv2%2Fcomments&post=133"}],"version-history":[{"count":5,"href":"https:\/\/ikmkravmagaevere.be\/index.php?rest_route=\/wp\/v2\/pages\/133\/revisions"}],"predecessor-version":[{"id":830,"href":"https:\/\/ikmkravmagaevere.be\/index.php?rest_route=\/wp\/v2\/pages\/133\/revisions\/830"}],"wp:attachment":[{"href":"https:\/\/ikmkravmagaevere.be\/index.php?rest_route=%2Fwp%2Fv2%2Fmedia&parent=133"}],"curies":[{"name":"wp","href":"https:\/\/api.w.org\/{rel}","templated":true}]}}