{"id":17,"date":"2016-07-06T08:48:54","date_gmt":"2016-07-06T07:48:54","guid":{"rendered":"http:\/\/ikmkravmagaevere.be\/?page_id=17"},"modified":"2016-07-15T22:17:49","modified_gmt":"2016-07-15T21:17:49","slug":"ikm-federation","status":"publish","type":"page","link":"https:\/\/ikmkravmagaevere.be\/?page_id=17","title":{"rendered":"Imi Lichtenfeld et Gabi Noah"},"content":{"rendered":"<h2>Imi Lichtenfeld<\/h2>\n<p><img loading=\"lazy\" class=\"alignright wp-image-936\" src=\"http:\/\/www.kravjeremy.be\/wp-content\/uploads\/imi02-217x300.jpg\" alt=\"Imi Lichtenfeld_alone\" width=\"174\" height=\"240\" \/>Imi Lichtenfeld (Sde Or), naquit en 1910 \u00e0 Budapest. Inspir\u00e9 et encourag\u00e9 par son p\u00e8re Samuel, ancien acrobate de cirque et lutteur, professeur d\u2019\u00e9ducation physique, d\u00e9tective et instructeur en Chef de la Police D\u00e9partementale reconnu pour son enseignement de la self-d\u00e9fense, Imi pratiqua de nombreux sports.<\/p>\n<p>Il se concentrera finalement sur la gymnastique, la lutte et la boxe, participant activement pendant dix ans \u00e0 un grand nombre de comp\u00e9titions, dont il sortit souvent victorieux, principalement en lutte.<\/p>\n<h3>La lutte contre le fascisme \u00e0 l\u2019origine de la cr\u00e9ation du Krav Maga<\/h3>\n<p>Lorsque, dans les ann\u00e9es trente, le fascisme fit son apparition, Imi r\u00e9unit autour de lui un groupe de jeunes athl\u00e8tes, dont la mission \u00e9tait de prot\u00e9ger la communaut\u00e9 juive locale en luttant contre les troupes fascistes. Il prit ainsi part \u00e0 de nombreuses bagarres, qui aiguis\u00e8rent sa prise de conscience sur les diff\u00e9rences entre les combats de rue et les comp\u00e9titions sportives. Les premiers principes du Krav Maga \u00e9taient n\u00e9s.<\/p>\n<p>De par son action, il devint vite impopulaire aupr\u00e8s des autorit\u00e9s locales, et dut quitter Bratislava. Son p\u00e9riple dura deux ans, au terme desquels il arriva en Isra\u00ebl, entra \u00e0 la Haganah (organisation paramilitaire de la population juive) o\u00f9 il enseigna les techniques de base de la self-d\u00e9fense, puis continua ses activit\u00e9s au sein de Tsahal, l\u2019arm\u00e9e isra\u00e9lienne.<\/p>\n<h3>Introduction officielle du Krav Maga au sein de l\u2019arm\u00e9e Isra\u00e9lienne<\/h3>\n<p><img loading=\"lazy\" class=\"alignleft wp-image-937\" src=\"http:\/\/www.kravjeremy.be\/wp-content\/uploads\/imi03-300x204.jpg\" sizes=\"(max-width: 270px) 100vw, 270px\" srcset=\"http:\/\/www.kravjeremy.be\/wp-content\/uploads\/imi03-300x204.jpg 300w, http:\/\/www.kravjeremy.be\/wp-content\/uploads\/imi03.jpg 640w\" alt=\"Imi Lichtenfeld_army\" width=\"270\" height=\"184\" \/><br \/>\nC\u2019est \u00e0 Tsahal, pendant vingt ans, qu\u2019Imi perfectionna son syst\u00e8me, tout en s\u2019occupant de l\u2019enseignement des instructeurs et des membres d\u2019unit\u00e9s d\u2019\u00e9lite de l\u2019arm\u00e9e. Durant son service, Imi r\u00e9digea le manuel officiel de self-d\u00e9fense et de combat au corps \u00e0 corps. En 1964, il quitta l\u2019arm\u00e9e tout en continuant \u00e0 superviser l\u2019instruction du Krav Maga aussi bien dans un contexte militaire que pour les forces de l\u2019ordre.<\/p>\n<p>&nbsp;<\/p>\n<h3>Adaptation du Krav Maga aux civils<\/h3>\n<p><img loading=\"lazy\" class=\"alignright wp-image-935\" src=\"http:\/\/www.kravjeremy.be\/wp-content\/uploads\/imi01-214x300.jpg\" sizes=\"(max-width: 193px) 100vw, 193px\" srcset=\"http:\/\/www.kravjeremy.be\/wp-content\/uploads\/imi01-350x490.jpg 350w, http:\/\/www.kravjeremy.be\/wp-content\/uploads\/imi01.jpg 400w\" alt=\"imi01\" width=\"193\" height=\"270\" \/>En plus de cette activit\u00e9, il travailla infatigablement \u00e0 affiner, am\u00e9liorer et adapter le Krav Maga aux besoins de la population civile et fut \u00e0 l\u2019origine de la cr\u00e9ation de l\u2019IKMF.<br \/>\nPlus tard, le Krav Maga int\u00e9gra la vie civile, aussi bien dans des institutions priv\u00e9es que publiques, ayant \u00e9t\u00e9 reconnu par le Minist\u00e8re de l\u2019Education Nationale. Il se r\u00e9pandit finalement \u00e0 travers le monde et est notamment enseign\u00e9 actuellement en France et aux Etats Unis.<br \/>\nLe syst\u00e8me du Krav Maga d\u00e9velopp\u00e9 par Imi est fond\u00e9 sur des valeurs morales et humaines, qui soulignent l\u2019importance de l\u2019int\u00e9grit\u00e9, de l\u2019humilit\u00e9 et du respect d\u2019autrui.<br \/>\nImi Lichtenfeld d\u00e9c\u00e9da le 9 janvier 1998 \u00e0 l\u2019\u00e2ge de 87 ans mais ses successeurs continuent \u00e0 am\u00e9liorer, adapter et diffuser le Krav Maga dans de nombreux pays \u00e0 travers l\u2019Europe et le monde entier, \u00e0 travers la f\u00e9d\u00e9ration internationale de Krav Maga.<\/p>\n<h2>Gabi Noah: le digne successeur\u2026<\/h2>\n<p>Gabi Noah est n\u00e9 en Syrie en 1964. Il immigra en Isra\u00ebl en 1979 et d\u00e9buta son apprentissage de la self d\u00e9fense avec Rafi Algrisi. Deux ans plus tard, il s\u2019entra\u00eena avec Eli Avigezer et Imi Sde Or (Lichtenfeld), fondateurs du Krav Maga.<\/p>\n<p><img loading=\"lazy\" class=\"wp-image-956 alignleft\" src=\"http:\/\/www.kravjeremy.be\/wp-content\/uploads\/gabi_noah_02.jpeg\" alt=\"gabi_noah_02\" width=\"192\" height=\"129\" \/><br \/>\nEn 1982, il participe et r\u00e9ussi brillamment l\u2019\u00e9preuve d\u2019entraineur assistant d\u00e9cern\u00e9 par la Krav Maga Union. Il devient officiellement instructeur de Krav Maga en 1985 en suivant le cours \u00e0 la Wingate Institute (Isra\u00ebl). Il r\u00e9ussi la m\u00eame ann\u00e9e les \u00e9preuves menant \u00e0 l\u2019obtention de la ceinture noire, premi\u00e8re DAN cautionn\u00e9e par Imi Sde Or et Eli Avigezer.<\/p>\n<p>&nbsp;<\/p>\n<p>En 1985, Gabi Noah rejoint l\u2019arm\u00e9e isra\u00e9lienne ou il participe avec succ\u00e8s aux cours :<\/p>\n<ul>\n<li>Instructeur de combat et grade de Sergent<\/li>\n<li>Instructeur de fitness et d\u2019\u00e9ducation physique<\/li>\n<li>Instructeur de Krav Maga<\/li>\n<\/ul>\n<p>Pendant ses obligations militaires, il devient instructeur principal pour les candidats instructeurs et soldats \u00e0 l\u2019\u00e9cole du combat. Gabi Noah entra\u00eena durant cette p\u00e9riode des unit\u00e9s prestigieuses telles que Seyarret Matkal, Golani et les unit\u00e9s sp\u00e9ciales des gardes fronti\u00e8res (Magav).<\/p>\n<p><img loading=\"lazy\" class=\"alignright size-full wp-image-958\" src=\"http:\/\/www.kravjeremy.be\/wp-content\/uploads\/gabi_noah_03.jpeg\" alt=\"gabi_noah_03\" width=\"275\" height=\"183\" \/>Son activit\u00e9 principale se r\u00e9suma \u00e0 la formation des instructeurs militaires de Krav Maga et il poursuivit cette t\u00e2che durant ses p\u00e9riodes de rappel. Gabi Noah quitta l\u2019arm\u00e9e en 1988 et ouvrit son \u00e9cole de Krav Maga \u00e0 Netanya o\u00f9 il d\u00e9buta comme instructeur pour les civils. Il poursuit \u00e9galement son entra\u00eenement avec Imi Sde or.<\/p>\n<p>En 1995, accompagn\u00e9 d\u2019Eyal Yanilov, Avi Moyal et Eli Ben Ami, il cr\u00e9e avec la b\u00e9n\u00e9diction d\u2019Imi Sde Or, l\u2019International Krav Maga Federation (IKMF). Gabi Noah s\u2019occupe de la partie professionnelle et administrative de la f\u00e9d\u00e9ration tout en assistant techniquement et professionnellement les instructeurs isra\u00e9liens et \u00e9trangers. Gabi Noah est responsable pour diff\u00e9rents pays telles que la France, la Belgique, la Suisse, le Luxembourg, le Lichtenstein, l\u2019Afrique du Sud, etc.\u2026<\/p>\n<p><img loading=\"lazy\" class=\" wp-image-957 alignleft\" src=\"http:\/\/www.kravjeremy.be\/wp-content\/uploads\/gabi_noah_00.jpeg\" alt=\"gabi_noah_00\" width=\"144\" height=\"106\" \/>L\u2019\u00e9cole de Gabi Noah (situ\u00e9e \u00e0 Netanya) est aujourd\u2019hui le centre de l\u2019International Krav Maga. Durant toutes ces ann\u00e9es, Gabi a form\u00e9 diff\u00e9rentes institutions telles que des \u00e9coles, des unit\u00e9s de police (SWAT, GIGN,\u2026), des services de s\u00e9curit\u00e9 (Mossad, FBI,\u2026), des prisons, etc. Il forme \u00e9galement des civils de tous \u00e2ges, hommes, femmes et enfants. Gabi Noah est co-fondateur et administrateur de l\u2019International Krav Maga (IKM).<\/p>\n<p>Il a entra\u00een\u00e9, form\u00e9 et fait passer les grades de l\u2019ensemble des instructeurs belges de l\u2019IKMF. Il cr\u00e9e en 2009 la Gabi Noah International Krav Maga et Harry Mariette (expert IV) devient son repr\u00e9sentant officiel en Belgique, en France, en Suisse et au Luxembourg.<\/p>\n","protected":false},"excerpt":{"rendered":"<p>Imi Lichtenfeld Imi Lichtenfeld (Sde Or), naquit en 1910 \u00e0 Budapest. Inspir\u00e9 et encourag\u00e9 par son p\u00e8re Samuel, ancien acrobate de cirque et lutteur, professeur d\u2019\u00e9ducation physique,&hellip; <span class=\"read-more\"><a class=\"more-link\" href=\"https:\/\/ikmkravmagaevere.be\/?page_id=17\" rel=\"bookmark\">Lire la suite de <span class=\"screen-reader-text\">\u00ab\u00a0Imi Lichtenfeld et Gabi Noah\u00a0\u00bb<\/span><\/a><\/span><\/p>\n","protected":false},"author":1,"featured_media":0,"parent":0,"menu_order":0,"comment_status":"closed","ping_status":"closed","template":"","meta":[],"_links":{"self":[{"href":"https:\/\/ikmkravmagaevere.be\/index.php?rest_route=\/wp\/v2\/pages\/17"}],"collection":[{"href":"https:\/\/ikmkravmagaevere.be\/index.php?rest_route=\/wp\/v2\/pages"}],"about":[{"href":"https:\/\/ikmkravmagaevere.be\/index.php?rest_route=\/wp\/v2\/types\/page"}],"author":[{"embeddable":true,"href":"https:\/\/ikmkravmagaevere.be\/index.php?rest_route=\/wp\/v2\/users\/1"}],"replies":[{"embeddable":true,"href":"https:\/\/ikmkravmagaevere.be\/index.php?rest_route=%2Fwp%2Fv2%2Fcomments&post=17"}],"version-history":[{"count":9,"href":"https:\/\/ikmkravmagaevere.be\/index.php?rest_route=\/wp\/v2\/pages\/17\/revisions"}],"predecessor-version":[{"id":131,"href":"https:\/\/ikmkravmagaevere.be\/index.php?rest_route=\/wp\/v2\/pages\/17\/revisions\/131"}],"wp:attachment":[{"href":"https:\/\/ikmkravmagaevere.be\/index.php?rest_route=%2Fwp%2Fv2%2Fmedia&parent=17"}],"curies":[{"name":"wp","href":"https:\/\/api.w.org\/{rel}","templated":true}]}}