{"id":198,"date":"2016-08-09T13:58:53","date_gmt":"2016-08-09T12:58:53","guid":{"rendered":"http:\/\/ikmkravmagaevere.be\/?page_id=198"},"modified":"2016-08-10T14:54:05","modified_gmt":"2016-08-10T13:54:05","slug":"lhistoire","status":"publish","type":"page","link":"https:\/\/ikmkravmagaevere.be\/?page_id=198","title":{"rendered":"L&rsquo;histoire"},"content":{"rendered":"<p><!-- THE CONTENT --><\/p>\n<p>Imi Lichtenfeld (Sde Or), na\u00eet en 1910 \u00e0 Budapest. Inspir\u00e9 et encourag\u00e9 par son p\u00e8re Samuel, ancien acrobate de cirque et lutteur, professeur d\u2019\u00e9ducation physique, d\u00e9tective et instructeur en Chef de la Police D\u00e9partementale reconnu pour son enseignement de la self-d\u00e9fense, Imi pratiqua de nombreux sports.<\/p>\n<p><a class=\"fancybox\" href=\"http:\/\/www.ikmkravmagawavre.be\/wp-content\/uploads\/2016\/06\/imi1.jpg\" rel=\"gallery\"><img loading=\"lazy\" class=\"aligncenter size-full wp-image-63\" src=\"http:\/\/www.ikmkravmagawavre.be\/wp-content\/uploads\/2016\/06\/imi1.jpg\" sizes=\"(max-width: 400px) 100vw, 400px\" srcset=\"http:\/\/www.ikmkravmagawavre.be\/wp-content\/uploads\/2016\/06\/imi1.jpg 400w, http:\/\/www.ikmkravmagawavre.be\/wp-content\/uploads\/2016\/06\/imi1-215x300.jpg 215w\" alt=\"imi1\" width=\"400\" height=\"559\" \/><\/a><\/p>\n<p>Il se concentrera finalement sur la gymnastique, la lutte et la boxe, participant activement pendant dix ans \u00e0 un grand nombre de comp\u00e9titions, dont il sortit souvent victorieux, principalement en lutte.<\/p>\n<p>La lutte\u00a0 contre le fascisme \u00e0 l\u2019origine de la cr\u00e9ation du Krav Maga<br \/>\nLorsque, dans les ann\u00e9es trente, le fascisme fit son apparition, Imi r\u00e9unit autour de lui un groupe de jeunes athl\u00e8tes, dont la mission \u00e9tait de prot\u00e9ger la communaut\u00e9 juive locale en luttant contre les troupes fascistes. Il prit ainsi part \u00e0 de nombreuses bagarres, qui aiguis\u00e8rent sa prise de conscience sur les diff\u00e9rences entre les combats de rue et les comp\u00e9titions sportives. Les premiers principes du Krav Maga \u00e9taient n\u00e9s.<br \/>\nDe par son action, il devint vite impopulaire aupr\u00e8s des autorit\u00e9s locales, et dut quitter Bratislava. Son p\u00e9riple dura deux ans, au terme desquels il arriva en Isra\u00ebl, entra \u00e0 la Haganah (organisation paramilitaire de la population juive) o\u00f9 il enseigna les techniques de base de la self-d\u00e9fense, puis continua ses activit\u00e9s au sein de Tsahal, l\u2019arm\u00e9e isra\u00e9lienne.<br \/>\nIntroduction officielle du Krav Maga au sein de l\u2019arm\u00e9e Isra\u00e9lienne.<\/p>\n<p><a class=\"fancybox\" href=\"http:\/\/www.ikmkravmagawavre.be\/wp-content\/uploads\/2016\/06\/imi2.jpg\" rel=\"gallery\"><img loading=\"lazy\" class=\"aligncenter size-full wp-image-64\" src=\"http:\/\/www.ikmkravmagawavre.be\/wp-content\/uploads\/2016\/06\/imi2.jpg\" sizes=\"(max-width: 465px) 100vw, 465px\" srcset=\"http:\/\/www.ikmkravmagawavre.be\/wp-content\/uploads\/2016\/06\/imi2.jpg 465w, http:\/\/www.ikmkravmagawavre.be\/wp-content\/uploads\/2016\/06\/imi2-218x300.jpg 218w\" alt=\"imi2\" width=\"465\" height=\"640\" \/><\/a><\/p>\n<p>C\u2019est \u00e0 Tsahal, pendant vingt ans, qu\u2019Imi perfectionna son syst\u00e8me, tout en s\u2019occupant de l\u2019enseignement des instructeurs et des membres d\u2019unit\u00e9s d\u2019\u00e9lite de l\u2019arm\u00e9e. Durant son service, Imi r\u00e9digea le manuel officiel de self-d\u00e9fense et de combat au corps \u00e0 corps. En 1964, il quitta l\u2019arm\u00e9e tout en continuant \u00e0 superviser l\u2019instruction du Krav Maga aussi bien dans un contexte militaire que pour les forces de l\u2019ordre.<br \/>\nAdaptation du Krav Maga aux civils<br \/>\nEn plus de cette activit\u00e9, il travailla infatigablement \u00e0 affiner, am\u00e9liorer et adapter le Krav Maga aux besoins de la population civile et fut \u00e0 l\u2019origine de la cr\u00e9ation de l\u2019IKMF.<br \/>\nPlus tard, le Krav Maga int\u00e9gra la vie civile, aussi bien dans des institutions priv\u00e9es que publiques, ayant \u00e9t\u00e9 reconnu par le Minist\u00e8re de l\u2019Education Nationale. Il se r\u00e9pandit finalement \u00e0 travers le monde et est notamment enseign\u00e9 actuellement en France et aux Etats Unis.<\/p>\n<p><a class=\"fancybox\" href=\"http:\/\/www.ikmkravmagawavre.be\/wp-content\/uploads\/2016\/06\/imi3.jpg\" rel=\"gallery\"><img loading=\"lazy\" class=\"aligncenter size-full wp-image-65\" src=\"http:\/\/www.ikmkravmagawavre.be\/wp-content\/uploads\/2016\/06\/imi3.jpg\" sizes=\"(max-width: 640px) 100vw, 640px\" srcset=\"http:\/\/www.ikmkravmagawavre.be\/wp-content\/uploads\/2016\/06\/imi3.jpg 640w, http:\/\/www.ikmkravmagawavre.be\/wp-content\/uploads\/2016\/06\/imi3-300x204.jpg 300w\" alt=\"imi3\" width=\"640\" height=\"436\" \/><\/a><br \/>\nLe syst\u00e8me du Krav Maga d\u00e9velopp\u00e9 par Imi est fond\u00e9 sur des valeurs morales et humaines, qui soulignent l\u2019importance de l\u2019int\u00e9grit\u00e9, de l\u2019humilit\u00e9 et du respect d\u2019autrui.<br \/>\nImi Lichtenfeld d\u00e9c\u00e9da le 9 janvier 1998 \u00e0 l\u2019\u00e2ge de 87 ans mais ses successeurs continuent \u00e0 am\u00e9liorer, adapter et diffuser le Krav Maga dans de nombreux pays \u00e0 travers l\u2019Europe et le monde entier, \u00e0 travers la f\u00e9d\u00e9ration internationale de Krav Maga.<\/p>\n","protected":false},"excerpt":{"rendered":"<p>Imi Lichtenfeld (Sde Or), na\u00eet en 1910 \u00e0 Budapest. Inspir\u00e9 et encourag\u00e9 par son p\u00e8re Samuel, ancien acrobate de cirque et lutteur, professeur d\u2019\u00e9ducation physique, d\u00e9tective et&hellip; <span class=\"read-more\"><a class=\"more-link\" href=\"https:\/\/ikmkravmagaevere.be\/?page_id=198\" rel=\"bookmark\">Lire la suite de <span class=\"screen-reader-text\">\u00ab\u00a0L&rsquo;histoire\u00a0\u00bb<\/span><\/a><\/span><\/p>\n","protected":false},"author":1,"featured_media":0,"parent":0,"menu_order":0,"comment_status":"closed","ping_status":"closed","template":"","meta":[],"_links":{"self":[{"href":"https:\/\/ikmkravmagaevere.be\/index.php?rest_route=\/wp\/v2\/pages\/198"}],"collection":[{"href":"https:\/\/ikmkravmagaevere.be\/index.php?rest_route=\/wp\/v2\/pages"}],"about":[{"href":"https:\/\/ikmkravmagaevere.be\/index.php?rest_route=\/wp\/v2\/types\/page"}],"author":[{"embeddable":true,"href":"https:\/\/ikmkravmagaevere.be\/index.php?rest_route=\/wp\/v2\/users\/1"}],"replies":[{"embeddable":true,"href":"https:\/\/ikmkravmagaevere.be\/index.php?rest_route=%2Fwp%2Fv2%2Fcomments&post=198"}],"version-history":[{"count":2,"href":"https:\/\/ikmkravmagaevere.be\/index.php?rest_route=\/wp\/v2\/pages\/198\/revisions"}],"predecessor-version":[{"id":249,"href":"https:\/\/ikmkravmagaevere.be\/index.php?rest_route=\/wp\/v2\/pages\/198\/revisions\/249"}],"wp:attachment":[{"href":"https:\/\/ikmkravmagaevere.be\/index.php?rest_route=%2Fwp%2Fv2%2Fmedia&parent=198"}],"curies":[{"name":"wp","href":"https:\/\/api.w.org\/{rel}","templated":true}]}}